{"id":510,"date":"2019-06-11T09:43:41","date_gmt":"2019-06-11T09:43:41","guid":{"rendered":"https:\/\/mcamerchandising.com\/retail-competitive-price-audits\/"},"modified":"2024-04-18T14:58:17","modified_gmt":"2024-04-18T18:58:17","slug":"verification-de-la-competitivite-des-prix-de-detail","status":"publish","type":"page","link":"https:\/\/mcamerchandising.com\/fr-ca\/verification-de-la-competitivite-des-prix-de-detail\/","title":{"rendered":"V\u00e9rifications de Prix Concurrentiels au D\u00e9tail"},"content":{"rendered":"<section class=\"content_container clearfix\">\n<div class=\"container\">\n<div class=\"row d-lg-block\">\n<div class=\"col-lg-12\">\n<div class=\"lc-block page-title retail-merchandising fr-text\">\n<div editable=\"rich\">\n<h1>V\u00c9RIFICATIONS DE PRIX CONCURRENTIELS AU D\u00c9TAIL<\/h1>\n<h2>Passez moins de temps \u00e0 trier vos donn\u00e9es et plus de temps \u00e0 prendre des d\u00e9cisions<\/h2>\n<\/p><\/div>\n<\/div>\n<p><!-- \/lc-block --><\/p>\n<div class=\"lc-block mb-3\" style=\"text-align: center;\">\n<div class=\"lc-block retail-covering\">\n<div editable=\"rich\">\n<h2>V\u00c9RIFICATIONS DE PRIX CONCURRENTIELS AU D\u00c9TAIL<\/h2>\n<\/p><\/div>\n<\/p><\/div>\n<\/div>\n<\/div>\n<p><!-- \/col --><\/p>\n<div class=\"col-lg-6 float-lg-left\">\n<div class=\"border-right\">\n<div class=\"lc-block\">\n<img decoding=\"async\" class=\"img-fluid mb-4\" src=\"https:\/\/mcamerchandising.com\/wp-content\/uploads\/sites\/2\/2023\/11\/Graph-Audits.jpg\" alt=\"\">\n<\/div>\n<\/div>\n<\/div>\n<div class=\"col-lg-6 float-lg-right\">\n<div class=\"lc-block retail-covering\">\n<div editable=\"rich\">\n<h4>MCA est l&rsquo;entreprise de v\u00e9rifications de prix la plus fiable au Canada<\/h4>\n<p style=\"padding-top: 30px;\">Nous offrons des services, recueillons des informations et avons acc\u00e8s \u00e0 98 % des points de vente au d\u00e9tail en Am\u00e9rique du Nord. Nous analysons aussi 100 % des sites de d\u00e9taillants. Depuis vingt ans, nous r\u00e9alisons des audits fiables sur les informations de prix, en ligne et dans les points de vente physiques.<\/p>\n<p>Gr\u00e2ce \u00e0 <strong><em>MCA Verified<\/em><\/strong>, nos clients consacrent moins de temps \u00e0 trier leurs donn\u00e9es et plus \u00e0 les analyser pour prendre des d\u00e9cisions \u00e9clair\u00e9es sur les prix au d\u00e9tail. Nous nous engageons \u00e0 fournir des informations pr\u00e9cises sur les prix, \u00e0 jour et exhaustives \u00e0 tous nos clients, facilitant ainsi leur processus d\u00e9cisionnel.<\/p>\n<h3 class=\"mb-3\"><\/h3>\n<ul>\n\t<\/ul>\n<\/div>\n<\/div><\/div>\n<div class=\"col-lg-6 float-lg-left\"><\/div>\n<\/p><\/div>\n<\/div>\n<\/section>\n<section class=\"content_container clearfix\" style=\"\">\n<div class=\"container\">\n<div class=\"row d-lg-block\">\n<div class=\"lc-block mb-3\" style=\"text-align: center;\">\n<div class=\"lc-block retail-covering\">\n<div editable=\"rich\">\n<h2>SERVICES COMPLETS DE V\u00c9RIFICATION AU D\u00c9TAIL<\/h2>\n<\/p><\/div>\n<\/div>\n<\/div>\n<p><!-- \/lc-block --><\/p>\n<div class=\"col-lg-12\"><\/div>\n<p><!-- \/col --><\/p>\n<div class=\"col-lg-6 float-lg-left\">\n<div class=\"border-right lc-block retail-covering\">\n<div>\n<p>Au-del\u00e0 des chiffres, nos services de v\u00e9rification au d\u00e9tail offrent des informations utiles sur votre volume de ventes, vos niveaux de stock ainsi que la pr\u00e9sentation des produits en magasin. Ils englobent l&rsquo;ensemble des aspects de vente au d\u00e9tail, vous guidant dans l&rsquo;am\u00e9lioration de l&rsquo;exp\u00e9rience client, le raffinement des strat\u00e9gies de marchandisage et le maintien d&rsquo;une position privil\u00e9gi\u00e9e dans un march\u00e9 dynamique. MCA est votre partenaire non seulement pour de simples v\u00e9rifications de prix, mais \u00e9galement pour optimiser votre magasin afin d\u2019assurer son succ\u00e8s dans le secteur.<\/p>\n<p>L\u2019\u00e9laboration d\u2019une liste de contr\u00f4le de v\u00e9rification au d\u00e9tail global est un processus d\u00e9licat que MCA ex\u00e9cute avec soin. Au c\u0153ur se trouve l\u2019exactitude des prix, o\u00f9 notre liste de contr\u00f4le assure que vos produits sont comp\u00e9titivement tarif\u00e9s et adapt\u00e9s \u00e0 la demande du march\u00e9. La gestion de v\u00e9rification de d\u00e9tail occupe une place centrale, \u00e9valuant les niveaux de stock de fa\u00e7on m\u00e9ticuleuse pour \u00e9viter le surstockage ou les p\u00e9nuries. Nous examinons minutieusement les ruptures de stock, la disponibilit\u00e9 sur les \u00e9tag\u00e8res et les emplacements de produits pour garantir que vos produits ne sont pas seulement dispos\u00e9s, mais plac\u00e9s de mani\u00e8re propice \u00e0 captiver les clients.<\/p>\n<\/div>\n<\/div>\n<p><!-- \/lc-block --><\/div>\n<div class=\"col-lg-6 float-lg-right\">\n<div class=\"lc-block retail-covering\">\n<div editable=\"rich\">\n<div class=\"lc-block \">\n<div>\n<div lc-helper=\"shortcode\" class=\"live-shortcode\"><a href=\"https:\/\/mcamerchandising.com\/wp-content\/themes\/yannickweb\/assets\/videos\/competitive-price-audits-video.mp4\" class=\"video_link d-none d-lg-flex\" data-video-source=\"\" title=\"Competitive price audits video\"><img decoding=\"async\" src=\"https:\/\/mcamerchandising.com\/wp-content\/themes\/yannickweb\/assets\/images\/competitive-price-audits-video.jpg\" class=\"video_img\" alt=\"Competitive price audits video\" \/><\/a><\/div>\n<\/p><\/div>\n<\/p><\/div>\n<\/p><\/div>\n<\/p><\/div>\n<\/p><\/div>\n<\/p><\/div>\n<\/div>\n<\/section>\n<section class=\"content_container clearfix\">\n<div class=\"container\">\n<div class=\"row d-lg-block\">\n<div class=\"col-lg-6 float-lg-left\">\n<div class=\"border-right\">\n<div class=\"lc-block\"><img decoding=\"async\" class=\"img-fluid mb-4\" src=\"https:\/\/mcamerchandising.com\/wp-content\/uploads\/sites\/2\/2023\/11\/Tech-Ipad-1024x668.jpg\" alt=\"\"><\/div>\n<\/p><\/div>\n<\/p><\/div>\n<div class=\"col-lg-6 float-lg-right\">\n<div class=\"lc-block retail-covering\">\n<div>\n<h3 style=\"padding-bottom: 25px;\"><strong>NOS AUDITEURS SONT QUALIFI\u00c9S DANS LES DOMAINES SUIVANTS ET PLUS ENCORE :<\/strong><\/h3>\n<ul>\n<li>V\u00e9rification de prix concurrentiels<\/li>\n<li>Visites myst\u00e8res<\/li>\n<li>Service de client myst\u00e8re<\/li>\n<li>Collecte de donn\u00e9es<\/li>\n<li>V\u00e9rifications de d\u00e9tail et de conformit\u00e9<\/li>\n<li>V\u00e9rifications photographiques<\/li>\n<\/ul>\n<\/div>\n<div lc-helper=\"shortcode\" class=\"live-shortcode\"><a href='https:\/\/mcamerchandising.com\/fr-ca\/nous-joindre\/verification-de-la-competitivite-des-prix-de-detail' class='btn contact purple-bg'>Demande de prix<\/a><\/div>\n<\/div><\/div>\n<div class=\"col-lg-6 float-lg-left\"><\/div>\n<\/p><\/div>\n<\/div>\n<\/section>\n<section class=\"content_container clearfix\" style=\"\">\n<div class=\"container\">\n<div class=\"row d-lg-block\">\n<div class=\"lc-block mb-3\" style=\"text-align: center;\">\n<div class=\"lc-block retail-covering\">\n<div editable=\"rich\">\n<h2>DES SOLUTIONS ALIMENT\u00c9ES PAR L&rsquo;IA POUR LES D\u00c9TAILLANTS ET LES BCE<br \/>\n<\/h2>\n<\/p><\/div>\n<\/div>\n<\/div>\n<p><!-- \/lc-block --><\/p>\n<div class=\"col-lg-12\"><\/div>\n<p><!-- \/col --><\/p>\n<div class=\"col-lg-6 float-lg-left\">\n<div class=\"border-right lc-block retail-covering\">\n<div>\n<p>Le suivi des prix en ligne de MCA permet aux d\u00e9taillants et aux entreprises de biens de consommation emball\u00e9s (BCE) de r\u00e9cup\u00e9rer les prix affich\u00e9s en ligne pour faciliter les changements de prix quotidiens. Nous vous fournissons des donn\u00e9es qui facilitent vos d\u00e9cisions commerciales importantes afin de rester comp\u00e9titif sur le march\u00e9. Notre logiciel de suivi est dot\u00e9 d&rsquo;un portail et de tableaux de bord faciles \u00e0 utiliser pour vous aider \u00e0 surveiller les prix des concurrents, rationaliser votre processus, maximiser vos profits et augmenter votre marge b\u00e9n\u00e9ficiaire. Notre technologie IA sert de solution tout-en-un pour les v\u00e9rifications de prix comp\u00e9titifs et peut \u00eatre int\u00e9gr\u00e9e \u00e0 nos v\u00e9rifications de prix de terrain pour vous fournir des prix c\u00f4te \u00e0 c\u00f4te en ligne et en magasin. Si vous pouvez le voir, nous pouvons le suivre.\n<\/p>\n<\/div>\n<\/div>\n<p><!-- \/lc-block --><\/div>\n<div class=\"col-lg-6 float-lg-right\">\n<div class=\"lc-block retail-covering\">\n<div editable=\"rich\">\n<div class=\"lc-block \">\n<div>\n<img decoding=\"async\" class=\"img-fluid mb-4\" src=\"https:\/\/mcamerchandising.com\/wp-content\/uploads\/sites\/2\/2024\/01\/pricing-online3.jpg\" alt=\"pricing online\" style=\"margin-left : 10px\">\t\t<\/div>\n<\/p><\/div>\n<\/div>\n<\/div><\/div>\n<\/p><\/div>\n<\/div>\n<\/section>\n<section class=\"testimonial_slider_container\">\n<div class=\"container\">\n<div class=\"row\">\n<div class=\"col-md-12\">\n<div class=\"lc-block\">\n<div lc-helper=\"shortcode\" class=\"live-shortcode\"><div class=\"home_testimonials_slider d-flex overflow-hidden\"><div class=\"oneTestimonial d-flex flex-column justify-content-center align-items-center\"><p class=\"titre\">MCA - Tout Simplement les meilleurs<\/p><div class=\"desc\"><p><span lang=\"fr-CA\">\u00ab\u00a0Notre relation de longue date avec MCA t\u00e9moigne du leadership et de leur expertise dans l\u2019\u00e9laboration de plans de marchandisage efficaces et coh\u00e9rents, et de la qualit\u00e9 de leur ex\u00e9cution\u00a0\u00bb<\/span><\/p><\/div><\/div><div class=\"oneTestimonial d-flex flex-column justify-content-center align-items-center\"><p class=\"titre\">MCA - Pr\u00eat \u00e0 la vente au d\u00e9tail<\/p><div class=\"desc\"><p><span lang=\"fr-CA\">\u00ab\u00a0MCA est devenu un v\u00e9ritable partenaire dans la stimulation des ventes et l\u2019ex\u00e9cution globale de nos programmes en magasin. En offrant des perspectives d\u2019affaires pr\u00e9cises et utiles, une ex\u00e9cution parfaite des syst\u00e8mes de vente au d\u00e9tail, et la pr\u00e9sentation de rapport d\u00e9taill\u00e9s, MCA est devenu un pr\u00e9cieux partenaire pour notre entreprise.\u00a0\u00bb<\/span><\/p><\/div><\/div><div class=\"oneTestimonial d-flex flex-column justify-content-center align-items-center\"><p class=\"titre\">Gagner au d\u00e9tail avec MCA<\/p><div class=\"desc\"><p><p class=\"western\"><span lang=\"fr-CA\">\u00ab Depuis plus de 10 ans, nous sommes en partenariat avec MCA afin d\u2019\u00e9tendre la port\u00e9e de nos \u00e9quipes de vente, de marchandisage et de v\u00e9rification. Bas\u00e9 sur l\u2019ensemble de nos strat\u00e9gies et des propri\u00e9t\u00e9s de la compagnie, notre \u00e9quipe de gestion des ventes travaille avec MCA pour \u00e9laborer des plans strat\u00e9giques sp\u00e9cifiques aux diff\u00e9rents comptes. Travaillant en tant qu'une seule \u00e9quipe, notre compagnie et MCA ex\u00e9cutent des plans, r\u00e8glent les probl\u00e8mes et capitalisent sur les opportunit\u00e9s qui se pr\u00e9sentent. Ensemble, nous avons obtenus des r\u00e9sultats significatifs, toujours en appliquant notre vision du d\u00e9tail sur l\u2019am\u00e9lioration continue. MCA contribue fortement \u00e0 la compagnie et un un partenaire en affaires qui nous est pr\u00e9cieux. \u00bb<\/span><\/p><\/p><\/div><\/div><\/div><\/div>\n<\/p><\/div>\n<p><!-- \/lc-block -->\n\t\t\t<\/div>\n<p><!-- \/col -->\n\t\t<\/div>\n<\/p><\/div>\n<\/section>\n","protected":false},"excerpt":{"rendered":"<p>[infos type=\"company_name\"] est la soci\u00e9t\u00e9 de v\u00e9rification de prix concurrentiels au d\u00e9tail la plus fiable au Canada. Nous desservons, recueillons des informations et acc\u00e9dons \u00e0 98 % de tous les magasins de d\u00e9tail canadiens et \u00e0 pr\u00e8s de 100 % de tous les sites Web de vente au d\u00e9tail.<\/p>\n<p>Depuis pr\u00e8s de deux d\u00e9cennies, [infos type=\"company_name\"] r\u00e9alise avec fiabilit\u00e9 et pr\u00e9cision des v\u00e9rifications de prix concurrentiels, en ligne ou dans les magasins de d\u00e9tail.<\/p>\n","protected":false},"author":1,"featured_media":0,"parent":0,"menu_order":0,"comment_status":"closed","ping_status":"closed","template":"page-templates\/empty.php","meta":{"footnotes":""},"class_list":["post-510","page","type-page","status-publish","hentry"],"yoast_head":"<!-- This site is optimized with the Yoast SEO plugin v27.3 - https:\/\/yoast.com\/product\/yoast-seo-wordpress\/ -->\n<title>V\u00e9rifications prix concurrentiels au d\u00e9tail | MCA<\/title>\n<meta name=\"description\" content=\"Obtenez des donn\u00e9es pr\u00e9cises sur les prix pour des d\u00e9cisions \u00e9clair\u00e9es avec les v\u00e9rifications des prix concurrentiels au d\u00e9tail de MCA. Demandez un devis d\u00e8s maintenant!\" \/>\n<meta name=\"robots\" content=\"index, follow, max-snippet:-1, max-image-preview:large, max-video-preview:-1\" \/>\n<link rel=\"canonical\" href=\"https:\/\/mcamerchandising.com\/fr-ca\/verification-de-la-competitivite-des-prix-de-detail\/\" \/>\n<meta property=\"og:locale\" content=\"fr_CA\" \/>\n<meta property=\"og:type\" content=\"article\" \/>\n<meta property=\"og:title\" content=\"V\u00e9rifications prix concurrentiels au d\u00e9tail | MCA\" \/>\n<meta property=\"og:description\" content=\"Obtenez des donn\u00e9es pr\u00e9cises sur les prix pour des d\u00e9cisions \u00e9clair\u00e9es avec les v\u00e9rifications des prix concurrentiels au d\u00e9tail de MCA. Demandez un devis d\u00e8s maintenant!\" \/>\n<meta property=\"og:url\" content=\"https:\/\/mcamerchandising.com\/fr-ca\/verification-de-la-competitivite-des-prix-de-detail\/\" \/>\n<meta property=\"og:site_name\" content=\"MCA United-States\" \/>\n<meta property=\"article:modified_time\" content=\"2024-04-18T18:58:17+00:00\" \/>\n<meta property=\"og:image\" content=\"https:\/\/mcamerchandising.com\/wp-content\/uploads\/sites\/2\/2023\/11\/Graph-Audits.jpg\" \/>\n<meta name=\"twitter:card\" content=\"summary_large_image\" \/>\n<script type=\"application\/ld+json\" class=\"yoast-schema-graph\">{\"@context\":\"https:\\\/\\\/schema.org\",\"@graph\":[{\"@type\":\"WebPage\",\"@id\":\"https:\\\/\\\/mcamerchandising.com\\\/fr-ca\\\/verification-de-la-competitivite-des-prix-de-detail\\\/\",\"url\":\"https:\\\/\\\/mcamerchandising.com\\\/fr-ca\\\/verification-de-la-competitivite-des-prix-de-detail\\\/\",\"name\":\"V\u00e9rifications prix concurrentiels au d\u00e9tail | MCA\",\"isPartOf\":{\"@id\":\"https:\\\/\\\/mcamerchandising.com\\\/fr-ca\\\/#website\"},\"primaryImageOfPage\":{\"@id\":\"https:\\\/\\\/mcamerchandising.com\\\/fr-ca\\\/verification-de-la-competitivite-des-prix-de-detail\\\/#primaryimage\"},\"image\":{\"@id\":\"https:\\\/\\\/mcamerchandising.com\\\/fr-ca\\\/verification-de-la-competitivite-des-prix-de-detail\\\/#primaryimage\"},\"thumbnailUrl\":\"https:\\\/\\\/mcamerchandising.com\\\/wp-content\\\/uploads\\\/sites\\\/2\\\/2023\\\/11\\\/Graph-Audits.jpg\",\"datePublished\":\"2019-06-11T09:43:41+00:00\",\"dateModified\":\"2024-04-18T18:58:17+00:00\",\"description\":\"Obtenez des donn\u00e9es pr\u00e9cises sur les prix pour des d\u00e9cisions \u00e9clair\u00e9es avec les v\u00e9rifications des prix concurrentiels au d\u00e9tail de MCA. Demandez un devis d\u00e8s maintenant!\",\"breadcrumb\":{\"@id\":\"https:\\\/\\\/mcamerchandising.com\\\/fr-ca\\\/verification-de-la-competitivite-des-prix-de-detail\\\/#breadcrumb\"},\"inLanguage\":\"fr-CA\",\"potentialAction\":[{\"@type\":\"ReadAction\",\"target\":[\"https:\\\/\\\/mcamerchandising.com\\\/fr-ca\\\/verification-de-la-competitivite-des-prix-de-detail\\\/\"]}]},{\"@type\":\"ImageObject\",\"inLanguage\":\"fr-CA\",\"@id\":\"https:\\\/\\\/mcamerchandising.com\\\/fr-ca\\\/verification-de-la-competitivite-des-prix-de-detail\\\/#primaryimage\",\"url\":\"https:\\\/\\\/mcamerchandising.com\\\/wp-content\\\/uploads\\\/sites\\\/2\\\/2023\\\/11\\\/Graph-Audits.jpg\",\"contentUrl\":\"https:\\\/\\\/mcamerchandising.com\\\/wp-content\\\/uploads\\\/sites\\\/2\\\/2023\\\/11\\\/Graph-Audits.jpg\"},{\"@type\":\"BreadcrumbList\",\"@id\":\"https:\\\/\\\/mcamerchandising.com\\\/fr-ca\\\/verification-de-la-competitivite-des-prix-de-detail\\\/#breadcrumb\",\"itemListElement\":[{\"@type\":\"ListItem\",\"position\":1,\"name\":\"Home\",\"item\":\"https:\\\/\\\/mcamerchandising.com\\\/fr-ca\\\/\"},{\"@type\":\"ListItem\",\"position\":2,\"name\":\"V\u00e9rifications de Prix Concurrentiels au D\u00e9tail\"}]},{\"@type\":\"WebSite\",\"@id\":\"https:\\\/\\\/mcamerchandising.com\\\/fr-ca\\\/#website\",\"url\":\"https:\\\/\\\/mcamerchandising.com\\\/fr-ca\\\/\",\"name\":\"MCA United-States\",\"description\":\"Just another MCA Sites site\",\"publisher\":{\"@id\":\"https:\\\/\\\/mcamerchandising.com\\\/fr-ca\\\/#organization\"},\"potentialAction\":[{\"@type\":\"SearchAction\",\"target\":{\"@type\":\"EntryPoint\",\"urlTemplate\":\"https:\\\/\\\/mcamerchandising.com\\\/fr-ca\\\/?s={search_term_string}\"},\"query-input\":{\"@type\":\"PropertyValueSpecification\",\"valueRequired\":true,\"valueName\":\"search_term_string\"}}],\"inLanguage\":\"fr-CA\"},{\"@type\":\"Organization\",\"@id\":\"https:\\\/\\\/mcamerchandising.com\\\/fr-ca\\\/#organization\",\"name\":\"MCA United-States\",\"url\":\"https:\\\/\\\/mcamerchandising.com\\\/fr-ca\\\/\",\"logo\":{\"@type\":\"ImageObject\",\"inLanguage\":\"fr-CA\",\"@id\":\"https:\\\/\\\/mcamerchandising.com\\\/fr-ca\\\/#\\\/schema\\\/logo\\\/image\\\/\",\"url\":\"https:\\\/\\\/mcamerchandising.com\\\/wp-content\\\/uploads\\\/sites\\\/2\\\/2020\\\/01\\\/logo.png\",\"contentUrl\":\"https:\\\/\\\/mcamerchandising.com\\\/wp-content\\\/uploads\\\/sites\\\/2\\\/2020\\\/01\\\/logo.png\",\"width\":215,\"height\":104,\"caption\":\"MCA United-States\"},\"image\":{\"@id\":\"https:\\\/\\\/mcamerchandising.com\\\/fr-ca\\\/#\\\/schema\\\/logo\\\/image\\\/\"}}]}<\/script>\n<!-- \/ Yoast SEO plugin. -->","yoast_head_json":{"title":"V\u00e9rifications prix concurrentiels au d\u00e9tail | MCA","description":"Obtenez des donn\u00e9es pr\u00e9cises sur les prix pour des d\u00e9cisions \u00e9clair\u00e9es avec les v\u00e9rifications des prix concurrentiels au d\u00e9tail de MCA. Demandez un devis d\u00e8s maintenant!","robots":{"index":"index","follow":"follow","max-snippet":"max-snippet:-1","max-image-preview":"max-image-preview:large","max-video-preview":"max-video-preview:-1"},"canonical":"https:\/\/mcamerchandising.com\/fr-ca\/verification-de-la-competitivite-des-prix-de-detail\/","og_locale":"fr_CA","og_type":"article","og_title":"V\u00e9rifications prix concurrentiels au d\u00e9tail | MCA","og_description":"Obtenez des donn\u00e9es pr\u00e9cises sur les prix pour des d\u00e9cisions \u00e9clair\u00e9es avec les v\u00e9rifications des prix concurrentiels au d\u00e9tail de MCA. Demandez un devis d\u00e8s maintenant!","og_url":"https:\/\/mcamerchandising.com\/fr-ca\/verification-de-la-competitivite-des-prix-de-detail\/","og_site_name":"MCA United-States","article_modified_time":"2024-04-18T18:58:17+00:00","og_image":[{"url":"https:\/\/mcamerchandising.com\/wp-content\/uploads\/sites\/2\/2023\/11\/Graph-Audits.jpg","type":"","width":"","height":""}],"twitter_card":"summary_large_image","schema":{"@context":"https:\/\/schema.org","@graph":[{"@type":"WebPage","@id":"https:\/\/mcamerchandising.com\/fr-ca\/verification-de-la-competitivite-des-prix-de-detail\/","url":"https:\/\/mcamerchandising.com\/fr-ca\/verification-de-la-competitivite-des-prix-de-detail\/","name":"V\u00e9rifications prix concurrentiels au d\u00e9tail | MCA","isPartOf":{"@id":"https:\/\/mcamerchandising.com\/fr-ca\/#website"},"primaryImageOfPage":{"@id":"https:\/\/mcamerchandising.com\/fr-ca\/verification-de-la-competitivite-des-prix-de-detail\/#primaryimage"},"image":{"@id":"https:\/\/mcamerchandising.com\/fr-ca\/verification-de-la-competitivite-des-prix-de-detail\/#primaryimage"},"thumbnailUrl":"https:\/\/mcamerchandising.com\/wp-content\/uploads\/sites\/2\/2023\/11\/Graph-Audits.jpg","datePublished":"2019-06-11T09:43:41+00:00","dateModified":"2024-04-18T18:58:17+00:00","description":"Obtenez des donn\u00e9es pr\u00e9cises sur les prix pour des d\u00e9cisions \u00e9clair\u00e9es avec les v\u00e9rifications des prix concurrentiels au d\u00e9tail de MCA. Demandez un devis d\u00e8s maintenant!","breadcrumb":{"@id":"https:\/\/mcamerchandising.com\/fr-ca\/verification-de-la-competitivite-des-prix-de-detail\/#breadcrumb"},"inLanguage":"fr-CA","potentialAction":[{"@type":"ReadAction","target":["https:\/\/mcamerchandising.com\/fr-ca\/verification-de-la-competitivite-des-prix-de-detail\/"]}]},{"@type":"ImageObject","inLanguage":"fr-CA","@id":"https:\/\/mcamerchandising.com\/fr-ca\/verification-de-la-competitivite-des-prix-de-detail\/#primaryimage","url":"https:\/\/mcamerchandising.com\/wp-content\/uploads\/sites\/2\/2023\/11\/Graph-Audits.jpg","contentUrl":"https:\/\/mcamerchandising.com\/wp-content\/uploads\/sites\/2\/2023\/11\/Graph-Audits.jpg"},{"@type":"BreadcrumbList","@id":"https:\/\/mcamerchandising.com\/fr-ca\/verification-de-la-competitivite-des-prix-de-detail\/#breadcrumb","itemListElement":[{"@type":"ListItem","position":1,"name":"Home","item":"https:\/\/mcamerchandising.com\/fr-ca\/"},{"@type":"ListItem","position":2,"name":"V\u00e9rifications de Prix Concurrentiels au D\u00e9tail"}]},{"@type":"WebSite","@id":"https:\/\/mcamerchandising.com\/fr-ca\/#website","url":"https:\/\/mcamerchandising.com\/fr-ca\/","name":"MCA United-States","description":"Just another MCA Sites site","publisher":{"@id":"https:\/\/mcamerchandising.com\/fr-ca\/#organization"},"potentialAction":[{"@type":"SearchAction","target":{"@type":"EntryPoint","urlTemplate":"https:\/\/mcamerchandising.com\/fr-ca\/?s={search_term_string}"},"query-input":{"@type":"PropertyValueSpecification","valueRequired":true,"valueName":"search_term_string"}}],"inLanguage":"fr-CA"},{"@type":"Organization","@id":"https:\/\/mcamerchandising.com\/fr-ca\/#organization","name":"MCA United-States","url":"https:\/\/mcamerchandising.com\/fr-ca\/","logo":{"@type":"ImageObject","inLanguage":"fr-CA","@id":"https:\/\/mcamerchandising.com\/fr-ca\/#\/schema\/logo\/image\/","url":"https:\/\/mcamerchandising.com\/wp-content\/uploads\/sites\/2\/2020\/01\/logo.png","contentUrl":"https:\/\/mcamerchandising.com\/wp-content\/uploads\/sites\/2\/2020\/01\/logo.png","width":215,"height":104,"caption":"MCA United-States"},"image":{"@id":"https:\/\/mcamerchandising.com\/fr-ca\/#\/schema\/logo\/image\/"}}]}},"_links":{"self":[{"href":"https:\/\/mcamerchandising.com\/fr-ca\/wp-json\/wp\/v2\/pages\/510","targetHints":{"allow":["GET"]}}],"collection":[{"href":"https:\/\/mcamerchandising.com\/fr-ca\/wp-json\/wp\/v2\/pages"}],"about":[{"href":"https:\/\/mcamerchandising.com\/fr-ca\/wp-json\/wp\/v2\/types\/page"}],"author":[{"embeddable":true,"href":"https:\/\/mcamerchandising.com\/fr-ca\/wp-json\/wp\/v2\/users\/1"}],"replies":[{"embeddable":true,"href":"https:\/\/mcamerchandising.com\/fr-ca\/wp-json\/wp\/v2\/comments?post=510"}],"version-history":[{"count":8,"href":"https:\/\/mcamerchandising.com\/fr-ca\/wp-json\/wp\/v2\/pages\/510\/revisions"}],"predecessor-version":[{"id":718,"href":"https:\/\/mcamerchandising.com\/fr-ca\/wp-json\/wp\/v2\/pages\/510\/revisions\/718"}],"wp:attachment":[{"href":"https:\/\/mcamerchandising.com\/fr-ca\/wp-json\/wp\/v2\/media?parent=510"}],"curies":[{"name":"wp","href":"https:\/\/api.w.org\/{rel}","templated":true}]}}