{"id":511,"date":"2019-06-11T09:34:32","date_gmt":"2019-06-11T09:34:32","guid":{"rendered":"https:\/\/mcamerchandising.com\/retail-sales-representation\/"},"modified":"2024-04-18T14:56:09","modified_gmt":"2024-04-18T18:56:09","slug":"representant-des-ventes-au-detail","status":"publish","type":"page","link":"https:\/\/mcamerchandising.com\/fr-ca\/representant-des-ventes-au-detail\/","title":{"rendered":"Repr\u00e9sentation dans la vente au d\u00e9tail"},"content":{"rendered":"<section class=\"content_container clearfix\">\n<div class=\"container\">\n<div class=\"row\">\n<div class=\"col-lg-12\">\n<div class=\"lc-block page-title retail-merchandising\">\n<div editable=\"rich\">\n<h1>Repr\u00e9sentation dans la vente au d\u00e9tail<\/h1>\n<h2>D\u00e9couvrez la diff\u00e9rence MCA!<\/h2>\n<\/p><\/div>\n<\/div>\n<p><!-- \/lc-block --><\/p>\n<div class=\"lc-block mb-3\" style=\"text-align: center;\">\n<div class=\"lc-block retail-covering\">\n<div editable=\"rich\">\n<h2>REPR\u00c9SENTATION DANS LA VENTE AU D\u00c9TAIL<\/h2>\n<\/p><\/div>\n<\/p><\/div>\n<\/div>\n<p><!-- \/lc-block --><\/div>\n<p><!-- \/col --><\/p>\n<div class=\"col-lg-6\">\n<div class=\"border-right\">\n<div class=\"lc-block\"><img decoding=\"async\" class=\"img-fluid mb-4\" src=\"https:\/\/mcamerchandising.com\/wp-content\/uploads\/sites\/2\/2023\/11\/Retail-Sales-Rep-1-1-1024x683.jpg\" alt=\"RETAIL SALES REPRESENTATION\"><\/div>\n<\/p><\/div>\n<\/p><\/div>\n<div class=\"col-lg-6\">\n<div class=\"lc-block retail-covering\">\n<div editable=\"rich\">\n<p>Nous facilitons le succ\u00e8s commercial de nos clients avec notre \u00e9quipe de vente sp\u00e9cialis\u00e9e et d\u00e9vou\u00e9e. Nous maximisons votre potentiel dans le commerce de d\u00e9tail en am\u00e9liorant et en renfor\u00e7ant vos relations avec vos clients.<\/p>\n<\/div>\n<\/div><\/div>\n<\/p><\/div>\n<\/p><\/div>\n<\/section>\n<section style=\"\" class=\"content_container clearfix\">\n<div class=\"container\">\n<div class=\"row d-lg-block\">\n<div class=\"lc-block mb-3\" style=\"text-align: center;\">\n<div class=\"lc-block retail-covering\">\n<div editable=\"rich\">\n<h2>NOS PROFESSIONNELS DE LA VENTE SONT FORM\u00c9S DANS CES DOMAINES ET PLUS ENCORE:<\/h2>\n<\/p><\/div>\n<\/p><\/div>\n<\/p><\/div>\n<p><!-- \/lc-block --><\/p>\n<div class=\"col-lg-12\"><\/div>\n<p><!-- \/col --><\/p>\n<div class=\"col-lg-6 float-lg-left\">\n<div class=\"border-right lc-block retail-covering\">\n<div>\n<ul>\n<li>G\u00e9rer l&rsquo;espace au sol et les pr\u00e9sentoirs suppl\u00e9mentaires<\/li>\n<li>Vendre des articles promotionnels, des pr\u00e9sentoirs secondaires et n\u00e9gocier leur placement<\/li>\n<li>G\u00e9rer des stocks incluant les dates d&rsquo;expiration, les dommages et les rappels de produits<\/li>\n<li>Promouvoir et compl\u00e9ter les r\u00e9servations r\u00e9guli\u00e8res et saisonni\u00e8res<\/li>\n<li>Organiser des \u00e9v\u00e9nements d&rsquo;\u00e9chantillonnage<\/li>\n<li>Animer des sessions d\u2019\u00e9ducation pour les clients<\/li>\n<li>Influencer les d\u00e9cisions d\u2019achat au niveau du magasin<\/li>\n<li>Traiter les commandes de vente<\/li>\n<li>Participer \u00e0 des salons professionnels et organiser des \u00e9v\u00e9nements<\/li>\n<li>G\u00e9rer rapidement les traites et les cr\u00e9dits<\/li>\n<\/ul><\/div>\n<div lc-helper=\"shortcode\" class=\"live-shortcode\"><a href='representant-des-ventes-au-detail' class='btn contact purple-bg'>Demande de prix<\/a><\/div>\n<\/div>\n<p><!-- \/lc-block --><\/div>\n<div class=\"col-lg-6 float-lg-right\">\n<div class=\"lc-block retail-covering\"><img decoding=\"async\" class=\"img-fluid mb-4\" src=\"https:\/\/mcamerchandising.com\/wp-content\/uploads\/sites\/2\/2023\/11\/Merchandised-Shelf-2-1024x683.jpg\" alt=\"\"><\/div>\n<\/p><\/div>\n<\/p><\/div>\n<\/div>\n<\/section>\n<section class=\"testimonial_slider_container\">\n<div class=\"container\">\n<div class=\"row\">\n<div class=\"col-md-12\">\n<div class=\"lc-block\">\n<div lc-helper=\"shortcode\" class=\"live-shortcode\"><div class=\"home_testimonials_slider d-flex overflow-hidden\"><div class=\"oneTestimonial d-flex flex-column justify-content-center align-items-center\"><p class=\"titre\">Gagner au d\u00e9tail avec MCA<\/p><div class=\"desc\"><p><p class=\"western\"><span lang=\"fr-CA\">\u00ab Depuis plus de 10 ans, nous sommes en partenariat avec MCA afin d\u2019\u00e9tendre la port\u00e9e de nos \u00e9quipes de vente, de marchandisage et de v\u00e9rification. Bas\u00e9 sur l\u2019ensemble de nos strat\u00e9gies et des propri\u00e9t\u00e9s de la compagnie, notre \u00e9quipe de gestion des ventes travaille avec MCA pour \u00e9laborer des plans strat\u00e9giques sp\u00e9cifiques aux diff\u00e9rents comptes. Travaillant en tant qu'une seule \u00e9quipe, notre compagnie et MCA ex\u00e9cutent des plans, r\u00e8glent les probl\u00e8mes et capitalisent sur les opportunit\u00e9s qui se pr\u00e9sentent. Ensemble, nous avons obtenus des r\u00e9sultats significatifs, toujours en appliquant notre vision du d\u00e9tail sur l\u2019am\u00e9lioration continue. MCA contribue fortement \u00e0 la compagnie et un un partenaire en affaires qui nous est pr\u00e9cieux. \u00bb<\/span><\/p><\/p><\/div><\/div><div class=\"oneTestimonial d-flex flex-column justify-content-center align-items-center\"><p class=\"titre\">MCA - Tout Simplement les meilleurs<\/p><div class=\"desc\"><p><span lang=\"fr-CA\">\u00ab\u00a0Notre relation de longue date avec MCA t\u00e9moigne du leadership et de leur expertise dans l\u2019\u00e9laboration de plans de marchandisage efficaces et coh\u00e9rents, et de la qualit\u00e9 de leur ex\u00e9cution\u00a0\u00bb<\/span><\/p><\/div><\/div><div class=\"oneTestimonial d-flex flex-column justify-content-center align-items-center\"><p class=\"titre\">MCA - Pr\u00eat \u00e0 la vente au d\u00e9tail<\/p><div class=\"desc\"><p><span lang=\"fr-CA\">\u00ab\u00a0MCA est devenu un v\u00e9ritable partenaire dans la stimulation des ventes et l\u2019ex\u00e9cution globale de nos programmes en magasin. En offrant des perspectives d\u2019affaires pr\u00e9cises et utiles, une ex\u00e9cution parfaite des syst\u00e8mes de vente au d\u00e9tail, et la pr\u00e9sentation de rapport d\u00e9taill\u00e9s, MCA est devenu un pr\u00e9cieux partenaire pour notre entreprise.\u00a0\u00bb<\/span><\/p><\/div><\/div><\/div><\/div>\n<\/p><\/div>\n<p><!-- \/lc-block -->\n\t\t\t<\/div>\n<p><!-- \/col -->\n\t\t<\/div>\n<\/p><\/div>\n<\/section>\n","protected":false},"excerpt":{"rendered":"<p>Notre succ\u00e8s en gestion des ventes est le fruit de notre \u00e9quipe de vente d\u00e9vou\u00e9e et professionnelle, d\u00e9di\u00e9e \u00e0 nos clients.<\/p>\n<p>Maximisez votre potentiel de vente au d\u00e9tail tout en renfor\u00e7ant vos relations avec vos clients.<br \/>\n <br \/><strong>D\u00e9couvrez la diff\u00e9rence [infos type=\"company_name\"]!<\/strong><\/p>\n","protected":false},"author":1,"featured_media":0,"parent":0,"menu_order":0,"comment_status":"closed","ping_status":"closed","template":"page-templates\/empty.php","meta":{"footnotes":""},"class_list":["post-511","page","type-page","status-publish","hentry"],"yoast_head":"<!-- This site is optimized with the Yoast SEO plugin v26.8 - https:\/\/yoast.com\/product\/yoast-seo-wordpress\/ -->\n<title>Repr\u00e9sentation dans la vente au d\u00e9tail | MCA<\/title>\n<meta name=\"description\" content=\"Repr\u00e9sentation dans la vente au d\u00e9tail. MCA : Maximisez votre potentiel de vente et renforcez les relations clients gr\u00e2ce \u00e0 notre \u00e9quipe experte.\" \/>\n<meta name=\"robots\" content=\"index, follow, max-snippet:-1, max-image-preview:large, max-video-preview:-1\" \/>\n<link rel=\"canonical\" href=\"https:\/\/mcamerchandising.com\/fr-ca\/representant-des-ventes-au-detail\/\" \/>\n<meta property=\"og:locale\" content=\"fr_CA\" \/>\n<meta property=\"og:type\" content=\"article\" \/>\n<meta property=\"og:title\" content=\"Repr\u00e9sentation dans la vente au d\u00e9tail | MCA\" \/>\n<meta property=\"og:description\" content=\"Repr\u00e9sentation dans la vente au d\u00e9tail. MCA : Maximisez votre potentiel de vente et renforcez les relations clients gr\u00e2ce \u00e0 notre \u00e9quipe experte.\" \/>\n<meta property=\"og:url\" content=\"https:\/\/mcamerchandising.com\/fr-ca\/representant-des-ventes-au-detail\/\" \/>\n<meta property=\"og:site_name\" content=\"MCA United-States\" \/>\n<meta property=\"article:modified_time\" content=\"2024-04-18T18:56:09+00:00\" \/>\n<meta property=\"og:image\" content=\"https:\/\/mcamerchandising.com\/wp-content\/uploads\/sites\/2\/2023\/11\/Retail-Sales-Rep-1-1-1024x683.jpg\" \/>\n<meta name=\"twitter:card\" content=\"summary_large_image\" \/>\n<script type=\"application\/ld+json\" class=\"yoast-schema-graph\">{\"@context\":\"https:\/\/schema.org\",\"@graph\":[{\"@type\":\"WebPage\",\"@id\":\"https:\/\/mcamerchandising.com\/fr-ca\/representant-des-ventes-au-detail\/\",\"url\":\"https:\/\/mcamerchandising.com\/fr-ca\/representant-des-ventes-au-detail\/\",\"name\":\"Repr\u00e9sentation dans la vente au d\u00e9tail | MCA\",\"isPartOf\":{\"@id\":\"https:\/\/mcamerchandising.com\/fr-ca\/#website\"},\"primaryImageOfPage\":{\"@id\":\"https:\/\/mcamerchandising.com\/fr-ca\/representant-des-ventes-au-detail\/#primaryimage\"},\"image\":{\"@id\":\"https:\/\/mcamerchandising.com\/fr-ca\/representant-des-ventes-au-detail\/#primaryimage\"},\"thumbnailUrl\":\"https:\/\/mcamerchandising.com\/wp-content\/uploads\/sites\/2\/2023\/11\/Retail-Sales-Rep-1-1-1024x683.jpg\",\"datePublished\":\"2019-06-11T09:34:32+00:00\",\"dateModified\":\"2024-04-18T18:56:09+00:00\",\"description\":\"Repr\u00e9sentation dans la vente au d\u00e9tail. MCA : Maximisez votre potentiel de vente et renforcez les relations clients gr\u00e2ce \u00e0 notre \u00e9quipe experte.\",\"breadcrumb\":{\"@id\":\"https:\/\/mcamerchandising.com\/fr-ca\/representant-des-ventes-au-detail\/#breadcrumb\"},\"inLanguage\":\"fr-CA\",\"potentialAction\":[{\"@type\":\"ReadAction\",\"target\":[\"https:\/\/mcamerchandising.com\/fr-ca\/representant-des-ventes-au-detail\/\"]}]},{\"@type\":\"ImageObject\",\"inLanguage\":\"fr-CA\",\"@id\":\"https:\/\/mcamerchandising.com\/fr-ca\/representant-des-ventes-au-detail\/#primaryimage\",\"url\":\"https:\/\/mcamerchandising.com\/wp-content\/uploads\/sites\/2\/2023\/11\/Retail-Sales-Rep-1-1-1024x683.jpg\",\"contentUrl\":\"https:\/\/mcamerchandising.com\/wp-content\/uploads\/sites\/2\/2023\/11\/Retail-Sales-Rep-1-1-1024x683.jpg\"},{\"@type\":\"BreadcrumbList\",\"@id\":\"https:\/\/mcamerchandising.com\/fr-ca\/representant-des-ventes-au-detail\/#breadcrumb\",\"itemListElement\":[{\"@type\":\"ListItem\",\"position\":1,\"name\":\"Home\",\"item\":\"https:\/\/mcamerchandising.com\/fr-ca\/\"},{\"@type\":\"ListItem\",\"position\":2,\"name\":\"Repr\u00e9sentation dans la vente au d\u00e9tail\"}]},{\"@type\":\"WebSite\",\"@id\":\"https:\/\/mcamerchandising.com\/fr-ca\/#website\",\"url\":\"https:\/\/mcamerchandising.com\/fr-ca\/\",\"name\":\"MCA United-States\",\"description\":\"Just another MCA Sites site\",\"publisher\":{\"@id\":\"https:\/\/mcamerchandising.com\/fr-ca\/#organization\"},\"potentialAction\":[{\"@type\":\"SearchAction\",\"target\":{\"@type\":\"EntryPoint\",\"urlTemplate\":\"https:\/\/mcamerchandising.com\/fr-ca\/?s={search_term_string}\"},\"query-input\":{\"@type\":\"PropertyValueSpecification\",\"valueRequired\":true,\"valueName\":\"search_term_string\"}}],\"inLanguage\":\"fr-CA\"},{\"@type\":\"Organization\",\"@id\":\"https:\/\/mcamerchandising.com\/fr-ca\/#organization\",\"name\":\"MCA United-States\",\"url\":\"https:\/\/mcamerchandising.com\/fr-ca\/\",\"logo\":{\"@type\":\"ImageObject\",\"inLanguage\":\"fr-CA\",\"@id\":\"https:\/\/mcamerchandising.com\/fr-ca\/#\/schema\/logo\/image\/\",\"url\":\"https:\/\/mcamerchandising.com\/wp-content\/uploads\/sites\/2\/2020\/01\/logo.png\",\"contentUrl\":\"https:\/\/mcamerchandising.com\/wp-content\/uploads\/sites\/2\/2020\/01\/logo.png\",\"width\":215,\"height\":104,\"caption\":\"MCA United-States\"},\"image\":{\"@id\":\"https:\/\/mcamerchandising.com\/fr-ca\/#\/schema\/logo\/image\/\"}}]}<\/script>\n<!-- \/ Yoast SEO plugin. -->","yoast_head_json":{"title":"Repr\u00e9sentation dans la vente au d\u00e9tail | MCA","description":"Repr\u00e9sentation dans la vente au d\u00e9tail. MCA : Maximisez votre potentiel de vente et renforcez les relations clients gr\u00e2ce \u00e0 notre \u00e9quipe experte.","robots":{"index":"index","follow":"follow","max-snippet":"max-snippet:-1","max-image-preview":"max-image-preview:large","max-video-preview":"max-video-preview:-1"},"canonical":"https:\/\/mcamerchandising.com\/fr-ca\/representant-des-ventes-au-detail\/","og_locale":"fr_CA","og_type":"article","og_title":"Repr\u00e9sentation dans la vente au d\u00e9tail | MCA","og_description":"Repr\u00e9sentation dans la vente au d\u00e9tail. MCA : Maximisez votre potentiel de vente et renforcez les relations clients gr\u00e2ce \u00e0 notre \u00e9quipe experte.","og_url":"https:\/\/mcamerchandising.com\/fr-ca\/representant-des-ventes-au-detail\/","og_site_name":"MCA United-States","article_modified_time":"2024-04-18T18:56:09+00:00","og_image":[{"url":"https:\/\/mcamerchandising.com\/wp-content\/uploads\/sites\/2\/2023\/11\/Retail-Sales-Rep-1-1-1024x683.jpg","type":"","width":"","height":""}],"twitter_card":"summary_large_image","schema":{"@context":"https:\/\/schema.org","@graph":[{"@type":"WebPage","@id":"https:\/\/mcamerchandising.com\/fr-ca\/representant-des-ventes-au-detail\/","url":"https:\/\/mcamerchandising.com\/fr-ca\/representant-des-ventes-au-detail\/","name":"Repr\u00e9sentation dans la vente au d\u00e9tail | MCA","isPartOf":{"@id":"https:\/\/mcamerchandising.com\/fr-ca\/#website"},"primaryImageOfPage":{"@id":"https:\/\/mcamerchandising.com\/fr-ca\/representant-des-ventes-au-detail\/#primaryimage"},"image":{"@id":"https:\/\/mcamerchandising.com\/fr-ca\/representant-des-ventes-au-detail\/#primaryimage"},"thumbnailUrl":"https:\/\/mcamerchandising.com\/wp-content\/uploads\/sites\/2\/2023\/11\/Retail-Sales-Rep-1-1-1024x683.jpg","datePublished":"2019-06-11T09:34:32+00:00","dateModified":"2024-04-18T18:56:09+00:00","description":"Repr\u00e9sentation dans la vente au d\u00e9tail. MCA : Maximisez votre potentiel de vente et renforcez les relations clients gr\u00e2ce \u00e0 notre \u00e9quipe experte.","breadcrumb":{"@id":"https:\/\/mcamerchandising.com\/fr-ca\/representant-des-ventes-au-detail\/#breadcrumb"},"inLanguage":"fr-CA","potentialAction":[{"@type":"ReadAction","target":["https:\/\/mcamerchandising.com\/fr-ca\/representant-des-ventes-au-detail\/"]}]},{"@type":"ImageObject","inLanguage":"fr-CA","@id":"https:\/\/mcamerchandising.com\/fr-ca\/representant-des-ventes-au-detail\/#primaryimage","url":"https:\/\/mcamerchandising.com\/wp-content\/uploads\/sites\/2\/2023\/11\/Retail-Sales-Rep-1-1-1024x683.jpg","contentUrl":"https:\/\/mcamerchandising.com\/wp-content\/uploads\/sites\/2\/2023\/11\/Retail-Sales-Rep-1-1-1024x683.jpg"},{"@type":"BreadcrumbList","@id":"https:\/\/mcamerchandising.com\/fr-ca\/representant-des-ventes-au-detail\/#breadcrumb","itemListElement":[{"@type":"ListItem","position":1,"name":"Home","item":"https:\/\/mcamerchandising.com\/fr-ca\/"},{"@type":"ListItem","position":2,"name":"Repr\u00e9sentation dans la vente au d\u00e9tail"}]},{"@type":"WebSite","@id":"https:\/\/mcamerchandising.com\/fr-ca\/#website","url":"https:\/\/mcamerchandising.com\/fr-ca\/","name":"MCA United-States","description":"Just another MCA Sites site","publisher":{"@id":"https:\/\/mcamerchandising.com\/fr-ca\/#organization"},"potentialAction":[{"@type":"SearchAction","target":{"@type":"EntryPoint","urlTemplate":"https:\/\/mcamerchandising.com\/fr-ca\/?s={search_term_string}"},"query-input":{"@type":"PropertyValueSpecification","valueRequired":true,"valueName":"search_term_string"}}],"inLanguage":"fr-CA"},{"@type":"Organization","@id":"https:\/\/mcamerchandising.com\/fr-ca\/#organization","name":"MCA United-States","url":"https:\/\/mcamerchandising.com\/fr-ca\/","logo":{"@type":"ImageObject","inLanguage":"fr-CA","@id":"https:\/\/mcamerchandising.com\/fr-ca\/#\/schema\/logo\/image\/","url":"https:\/\/mcamerchandising.com\/wp-content\/uploads\/sites\/2\/2020\/01\/logo.png","contentUrl":"https:\/\/mcamerchandising.com\/wp-content\/uploads\/sites\/2\/2020\/01\/logo.png","width":215,"height":104,"caption":"MCA United-States"},"image":{"@id":"https:\/\/mcamerchandising.com\/fr-ca\/#\/schema\/logo\/image\/"}}]}},"_links":{"self":[{"href":"https:\/\/mcamerchandising.com\/fr-ca\/wp-json\/wp\/v2\/pages\/511","targetHints":{"allow":["GET"]}}],"collection":[{"href":"https:\/\/mcamerchandising.com\/fr-ca\/wp-json\/wp\/v2\/pages"}],"about":[{"href":"https:\/\/mcamerchandising.com\/fr-ca\/wp-json\/wp\/v2\/types\/page"}],"author":[{"embeddable":true,"href":"https:\/\/mcamerchandising.com\/fr-ca\/wp-json\/wp\/v2\/users\/1"}],"replies":[{"embeddable":true,"href":"https:\/\/mcamerchandising.com\/fr-ca\/wp-json\/wp\/v2\/comments?post=511"}],"version-history":[{"count":7,"href":"https:\/\/mcamerchandising.com\/fr-ca\/wp-json\/wp\/v2\/pages\/511\/revisions"}],"predecessor-version":[{"id":702,"href":"https:\/\/mcamerchandising.com\/fr-ca\/wp-json\/wp\/v2\/pages\/511\/revisions\/702"}],"wp:attachment":[{"href":"https:\/\/mcamerchandising.com\/fr-ca\/wp-json\/wp\/v2\/media?parent=511"}],"curies":[{"name":"wp","href":"https:\/\/api.w.org\/{rel}","templated":true}]}}