{"id":548,"date":"2019-06-11T09:12:45","date_gmt":"2019-06-11T09:12:45","guid":{"rendered":"https:\/\/mcamerchandising.com\/our-people\/"},"modified":"2024-02-19T13:57:15","modified_gmt":"2024-02-19T18:57:15","slug":"notre-personnel","status":"publish","type":"page","link":"https:\/\/mcamerchandising.com\/fr-ca\/notre-personnel\/","title":{"rendered":"Notre personnel"},"content":{"rendered":"<section class=\"content_container\">\n<div class=\"container\">\n<div class=\"row\">\n<div class=\"col-lg-12\">\n<div class=\"lc-block page-title retail-merchandising\">\n<div editable=\"rich\">\n<h1>Notre personnel<\/h1>\n<h2>Nous am\u00e9liorons la performance gr\u00e2ce \u00e0 une qualit\u00e9 d\u2019ex\u00e9cution exemplaire.<\/h2>\n<\/div>\n<\/div>\n<p><!-- \/lc-block -->\n\t\t<\/div>\n<p><!-- \/col --><\/p>\n<div class=\"col-lg-6\">\n<div class=\"border-right\">\n<div class=\"lc-block\">\n\t\t\t\t\t<img decoding=\"async\" class=\"img-fluid mb-4\" src=\"https:\/\/mcamerchandising.com\/wp-content\/uploads\/2019\/07\/people-img-1.jpg\" alt=\"\">\n\t\t\t\t<\/div>\n<\/p><\/div>\n<div class=\"lc-block\"><\/div>\n<p><!-- \/lc-block -->\n\t\t<\/div>\n<div class=\"col-lg-6\">\n<div class=\"lc-block retail-covering\">\n<div editable=\"rich\">\n<h2 class=\"mb-3\">Une \u00e9quipe d\u00e9di\u00e9e de professionnels de qualit\u00e9<\/h2>\n<p>Contrairement \u00e0 la plupart de nos concurrents, chez MCA, nous n&rsquo;optons pas pour des processus de recrutement automatis\u00e9s ni pour des formations bas\u00e9es sur des s\u00e9ries de questions \u00e0 choix multiples.<\/p>\n<p>Chacun de nos repr\u00e9sentants des ventes, marchandiseurs, auditeurs  superviseurs, directeurs r\u00e9gionaux, responsables de compte et administrateurs de compte fait l&rsquo;objet d&rsquo;une entrevue en personne.<\/p>\n<p>Nos \u00e9quipes re\u00e7oivent une formation individualis\u00e9e et personnalis\u00e9e. Nos gestionnaires sont soigneusement s\u00e9lectionn\u00e9s et form\u00e9s par un membre de notre \u00e9quipe de direction exp\u00e9riment\u00e9e.\n<\/p>\n<p>MCA compte plus de 30 gestionnaires qualifi\u00e9s sur le terrain \u00e0 travers le Canada et ils repr\u00e9sentent l\u2019\u00e9quipe de gestion des ventes, du marchandisage, de la v\u00e9rification au d\u00e9tail et de la collecte de donn\u00e9es la plus importante et la plus comp\u00e9tente au Canada.<\/p>\n<p>Au cours des 30 derni\u00e8res ann\u00e9es, nous avons m\u00e9ticuleusement constitu\u00e9 notre \u00e9quipe, un membre \u00e0 la fois. Notre taux de roulement annuel est inf\u00e9rieur \u00e0 12 %, et nous connaissons chaque personne par son nom.<\/p>\n<p>Nos fondateurs, Steve et Marsha, ont compris depuis longtemps que si nous nous soucions suffisamment de notre personnel, ils en feront de m\u00eame, voire davantage, pour nos clients.<\/p>\n<ul>\n\t<\/ul>\n<\/p>\n<\/div>\n<\/div><\/div>\n<\/p><\/div>\n<\/div>\n<\/section>\n<section style=\"\" class=\"home_team_container\">\n<div class=\"container\">\n<div class=\"row\">\n<div class=\"col-xl-10 ml-auto\">\n<div class=\"home_team_div\">\n<div class=\"row align-items-center\">\n<div class=\"col-md-6 col-lg-4\">\n<div class=\"lc-block\">\n\t\t\t\t\t\t\t\t<img decoding=\"async\" class=\"img-fluid\" src=\"https:\/\/corporate.mca.ca\/wp-content\/uploads\/2019\/07\/home-team-img.jpg\" alt=\"\">\n\t\t\t\t\t\t\t<\/div>\n<p><!-- \/lc-block -->\n\t\t\t\t\t\t<\/div>\n<div class=\"col-md-6 col-lg-8\">\n<div class=\"lc-block fr-text\">\n<div editable=\"rich\">\n<h2>Rejoindre notre \u00e9quipe<\/h2>\n<h3>Nous sommes la premi\u00e8re soci\u00e9t\u00e9 canadienne sp\u00e9cialis\u00e9e dans la vente, le marchandisage et la collecte de donn\u00e9es!<\/h3>\n<p>Explorez nos positions disponibles et remplissez votre candidature en ligne d\u00e8s aujourd&rsquo;hui.<\/p>\n<p><a href='https:\/\/mcamerchandising.com\/fr-ca\/carrieres\/' class='btn contact purple-bg'>Appliquer maintenant<\/a><a href='https:\/\/mcamerchandising.com\/fr-ca\/carrieres\/' class='btn contact transparent-bg'>Voir les postes disponibles<\/a><\/p>\n<\/p><\/div>\n<\/p><\/div>\n<p><!-- \/lc-block -->\n\t\t\t\t\t\t<\/div>\n<\/p><\/div>\n<\/p><\/div>\n<\/p><\/div>\n<\/p><\/div>\n<\/p><\/div>\n<\/section>\n<section class=\"testimonial_slider_container\">\n<div class=\"container\">\n<div class=\"row\">\n<div class=\"col-md-12\">\n<div class=\"lc-block\">\n<div lc-helper=\"shortcode\" class=\"live-shortcode\"><div class=\"home_testimonials_slider d-flex overflow-hidden\"><div class=\"oneTestimonial d-flex flex-column justify-content-center align-items-center\"><p class=\"titre\">Gagner au d\u00e9tail avec MCA<\/p><div class=\"desc\"><p><p class=\"western\"><span lang=\"fr-CA\">\u00ab Depuis plus de 10 ans, nous sommes en partenariat avec MCA afin d\u2019\u00e9tendre la port\u00e9e de nos \u00e9quipes de vente, de marchandisage et de v\u00e9rification. Bas\u00e9 sur l\u2019ensemble de nos strat\u00e9gies et des propri\u00e9t\u00e9s de la compagnie, notre \u00e9quipe de gestion des ventes travaille avec MCA pour \u00e9laborer des plans strat\u00e9giques sp\u00e9cifiques aux diff\u00e9rents comptes. Travaillant en tant qu'une seule \u00e9quipe, notre compagnie et MCA ex\u00e9cutent des plans, r\u00e8glent les probl\u00e8mes et capitalisent sur les opportunit\u00e9s qui se pr\u00e9sentent. Ensemble, nous avons obtenus des r\u00e9sultats significatifs, toujours en appliquant notre vision du d\u00e9tail sur l\u2019am\u00e9lioration continue. MCA contribue fortement \u00e0 la compagnie et un un partenaire en affaires qui nous est pr\u00e9cieux. \u00bb<\/span><\/p><\/p><\/div><\/div><div class=\"oneTestimonial d-flex flex-column justify-content-center align-items-center\"><p class=\"titre\">MCA - Tout Simplement les meilleurs<\/p><div class=\"desc\"><p><span lang=\"fr-CA\">\u00ab\u00a0Notre relation de longue date avec MCA t\u00e9moigne du leadership et de leur expertise dans l\u2019\u00e9laboration de plans de marchandisage efficaces et coh\u00e9rents, et de la qualit\u00e9 de leur ex\u00e9cution\u00a0\u00bb<\/span><\/p><\/div><\/div><div class=\"oneTestimonial d-flex flex-column justify-content-center align-items-center\"><p class=\"titre\">MCA - Pr\u00eat \u00e0 la vente au d\u00e9tail<\/p><div class=\"desc\"><p><span lang=\"fr-CA\">\u00ab\u00a0MCA est devenu un v\u00e9ritable partenaire dans la stimulation des ventes et l\u2019ex\u00e9cution globale de nos programmes en magasin. En offrant des perspectives d\u2019affaires pr\u00e9cises et utiles, une ex\u00e9cution parfaite des syst\u00e8mes de vente au d\u00e9tail, et la pr\u00e9sentation de rapport d\u00e9taill\u00e9s, MCA est devenu un pr\u00e9cieux partenaire pour notre entreprise.\u00a0\u00bb<\/span><\/p><\/div><\/div><\/div><\/div>\n<\/p><\/div>\n<p><!-- \/lc-block -->\n\t\t\t<\/div>\n<p><!-- \/col -->\n\t\t<\/div>\n<\/p><\/div>\n<\/section>\n","protected":false},"excerpt":{"rendered":"<p>Notre personnel Nous am\u00e9liorons la performance gr\u00e2ce \u00e0 une qualit\u00e9 d\u2019ex\u00e9cution exemplaire. Une \u00e9quipe d\u00e9di\u00e9e de professionnels de qualit\u00e9 Contrairement \u00e0 la plupart de nos concurrents, chez MCA, nous n&rsquo;optons pas pour des processus de recrutement automatis\u00e9s ni pour des formations bas\u00e9es sur des s\u00e9ries de questions \u00e0 choix multiples. Chacun de nos repr\u00e9sentants des [&hellip;]<\/p>\n","protected":false},"author":1,"featured_media":0,"parent":0,"menu_order":0,"comment_status":"closed","ping_status":"closed","template":"page-templates\/empty.php","meta":{"footnotes":""},"class_list":["post-548","page","type-page","status-publish","hentry"],"yoast_head":"<!-- This site is optimized with the Yoast SEO plugin v26.8 - https:\/\/yoast.com\/product\/yoast-seo-wordpress\/ -->\n<title>Notre personnel | MCA<\/title>\n<meta name=\"description\" content=\"Notre personnel d\u00e9di\u00e9 am\u00e9liore la performance dans le commerce de d\u00e9tail gr\u00e2ce \u00e0 une formation sur mesure et un engagement in\u00e9branlable.\" \/>\n<meta name=\"robots\" content=\"index, follow, max-snippet:-1, max-image-preview:large, max-video-preview:-1\" \/>\n<link rel=\"canonical\" href=\"https:\/\/mcamerchandising.com\/fr-ca\/notre-personnel\/\" \/>\n<meta property=\"og:locale\" content=\"fr_CA\" \/>\n<meta property=\"og:type\" content=\"article\" \/>\n<meta property=\"og:title\" content=\"Notre personnel | MCA\" \/>\n<meta property=\"og:description\" content=\"Notre personnel d\u00e9di\u00e9 am\u00e9liore la performance dans le commerce de d\u00e9tail gr\u00e2ce \u00e0 une formation sur mesure et un engagement in\u00e9branlable.\" \/>\n<meta property=\"og:url\" content=\"https:\/\/mcamerchandising.com\/fr-ca\/notre-personnel\/\" \/>\n<meta property=\"og:site_name\" content=\"MCA United-States\" \/>\n<meta property=\"article:modified_time\" content=\"2024-02-19T18:57:15+00:00\" \/>\n<meta property=\"og:image\" content=\"https:\/\/mcamerchandising.com\/wp-content\/uploads\/2019\/07\/people-img-1.jpg\" \/>\n<meta name=\"twitter:card\" content=\"summary_large_image\" \/>\n<script type=\"application\/ld+json\" class=\"yoast-schema-graph\">{\"@context\":\"https:\/\/schema.org\",\"@graph\":[{\"@type\":\"WebPage\",\"@id\":\"https:\/\/mcamerchandising.com\/fr-ca\/notre-personnel\/\",\"url\":\"https:\/\/mcamerchandising.com\/fr-ca\/notre-personnel\/\",\"name\":\"Notre personnel | MCA\",\"isPartOf\":{\"@id\":\"https:\/\/mcamerchandising.com\/fr-ca\/#website\"},\"primaryImageOfPage\":{\"@id\":\"https:\/\/mcamerchandising.com\/fr-ca\/notre-personnel\/#primaryimage\"},\"image\":{\"@id\":\"https:\/\/mcamerchandising.com\/fr-ca\/notre-personnel\/#primaryimage\"},\"thumbnailUrl\":\"https:\/\/mcamerchandising.com\/wp-content\/uploads\/2019\/07\/people-img-1.jpg\",\"datePublished\":\"2019-06-11T09:12:45+00:00\",\"dateModified\":\"2024-02-19T18:57:15+00:00\",\"description\":\"Notre personnel d\u00e9di\u00e9 am\u00e9liore la performance dans le commerce de d\u00e9tail gr\u00e2ce \u00e0 une formation sur mesure et un engagement in\u00e9branlable.\",\"breadcrumb\":{\"@id\":\"https:\/\/mcamerchandising.com\/fr-ca\/notre-personnel\/#breadcrumb\"},\"inLanguage\":\"fr-CA\",\"potentialAction\":[{\"@type\":\"ReadAction\",\"target\":[\"https:\/\/mcamerchandising.com\/fr-ca\/notre-personnel\/\"]}]},{\"@type\":\"ImageObject\",\"inLanguage\":\"fr-CA\",\"@id\":\"https:\/\/mcamerchandising.com\/fr-ca\/notre-personnel\/#primaryimage\",\"url\":\"https:\/\/mcamerchandising.com\/wp-content\/uploads\/2019\/07\/people-img-1.jpg\",\"contentUrl\":\"https:\/\/mcamerchandising.com\/wp-content\/uploads\/2019\/07\/people-img-1.jpg\"},{\"@type\":\"BreadcrumbList\",\"@id\":\"https:\/\/mcamerchandising.com\/fr-ca\/notre-personnel\/#breadcrumb\",\"itemListElement\":[{\"@type\":\"ListItem\",\"position\":1,\"name\":\"Home\",\"item\":\"https:\/\/mcamerchandising.com\/fr-ca\/\"},{\"@type\":\"ListItem\",\"position\":2,\"name\":\"Notre personnel\"}]},{\"@type\":\"WebSite\",\"@id\":\"https:\/\/mcamerchandising.com\/fr-ca\/#website\",\"url\":\"https:\/\/mcamerchandising.com\/fr-ca\/\",\"name\":\"MCA United-States\",\"description\":\"Just another MCA Sites site\",\"publisher\":{\"@id\":\"https:\/\/mcamerchandising.com\/fr-ca\/#organization\"},\"potentialAction\":[{\"@type\":\"SearchAction\",\"target\":{\"@type\":\"EntryPoint\",\"urlTemplate\":\"https:\/\/mcamerchandising.com\/fr-ca\/?s={search_term_string}\"},\"query-input\":{\"@type\":\"PropertyValueSpecification\",\"valueRequired\":true,\"valueName\":\"search_term_string\"}}],\"inLanguage\":\"fr-CA\"},{\"@type\":\"Organization\",\"@id\":\"https:\/\/mcamerchandising.com\/fr-ca\/#organization\",\"name\":\"MCA United-States\",\"url\":\"https:\/\/mcamerchandising.com\/fr-ca\/\",\"logo\":{\"@type\":\"ImageObject\",\"inLanguage\":\"fr-CA\",\"@id\":\"https:\/\/mcamerchandising.com\/fr-ca\/#\/schema\/logo\/image\/\",\"url\":\"https:\/\/mcamerchandising.com\/wp-content\/uploads\/sites\/2\/2020\/01\/logo.png\",\"contentUrl\":\"https:\/\/mcamerchandising.com\/wp-content\/uploads\/sites\/2\/2020\/01\/logo.png\",\"width\":215,\"height\":104,\"caption\":\"MCA United-States\"},\"image\":{\"@id\":\"https:\/\/mcamerchandising.com\/fr-ca\/#\/schema\/logo\/image\/\"}}]}<\/script>\n<!-- \/ Yoast SEO plugin. -->","yoast_head_json":{"title":"Notre personnel | MCA","description":"Notre personnel d\u00e9di\u00e9 am\u00e9liore la performance dans le commerce de d\u00e9tail gr\u00e2ce \u00e0 une formation sur mesure et un engagement in\u00e9branlable.","robots":{"index":"index","follow":"follow","max-snippet":"max-snippet:-1","max-image-preview":"max-image-preview:large","max-video-preview":"max-video-preview:-1"},"canonical":"https:\/\/mcamerchandising.com\/fr-ca\/notre-personnel\/","og_locale":"fr_CA","og_type":"article","og_title":"Notre personnel | MCA","og_description":"Notre personnel d\u00e9di\u00e9 am\u00e9liore la performance dans le commerce de d\u00e9tail gr\u00e2ce \u00e0 une formation sur mesure et un engagement in\u00e9branlable.","og_url":"https:\/\/mcamerchandising.com\/fr-ca\/notre-personnel\/","og_site_name":"MCA United-States","article_modified_time":"2024-02-19T18:57:15+00:00","og_image":[{"url":"https:\/\/mcamerchandising.com\/wp-content\/uploads\/2019\/07\/people-img-1.jpg","type":"","width":"","height":""}],"twitter_card":"summary_large_image","schema":{"@context":"https:\/\/schema.org","@graph":[{"@type":"WebPage","@id":"https:\/\/mcamerchandising.com\/fr-ca\/notre-personnel\/","url":"https:\/\/mcamerchandising.com\/fr-ca\/notre-personnel\/","name":"Notre personnel | MCA","isPartOf":{"@id":"https:\/\/mcamerchandising.com\/fr-ca\/#website"},"primaryImageOfPage":{"@id":"https:\/\/mcamerchandising.com\/fr-ca\/notre-personnel\/#primaryimage"},"image":{"@id":"https:\/\/mcamerchandising.com\/fr-ca\/notre-personnel\/#primaryimage"},"thumbnailUrl":"https:\/\/mcamerchandising.com\/wp-content\/uploads\/2019\/07\/people-img-1.jpg","datePublished":"2019-06-11T09:12:45+00:00","dateModified":"2024-02-19T18:57:15+00:00","description":"Notre personnel d\u00e9di\u00e9 am\u00e9liore la performance dans le commerce de d\u00e9tail gr\u00e2ce \u00e0 une formation sur mesure et un engagement in\u00e9branlable.","breadcrumb":{"@id":"https:\/\/mcamerchandising.com\/fr-ca\/notre-personnel\/#breadcrumb"},"inLanguage":"fr-CA","potentialAction":[{"@type":"ReadAction","target":["https:\/\/mcamerchandising.com\/fr-ca\/notre-personnel\/"]}]},{"@type":"ImageObject","inLanguage":"fr-CA","@id":"https:\/\/mcamerchandising.com\/fr-ca\/notre-personnel\/#primaryimage","url":"https:\/\/mcamerchandising.com\/wp-content\/uploads\/2019\/07\/people-img-1.jpg","contentUrl":"https:\/\/mcamerchandising.com\/wp-content\/uploads\/2019\/07\/people-img-1.jpg"},{"@type":"BreadcrumbList","@id":"https:\/\/mcamerchandising.com\/fr-ca\/notre-personnel\/#breadcrumb","itemListElement":[{"@type":"ListItem","position":1,"name":"Home","item":"https:\/\/mcamerchandising.com\/fr-ca\/"},{"@type":"ListItem","position":2,"name":"Notre personnel"}]},{"@type":"WebSite","@id":"https:\/\/mcamerchandising.com\/fr-ca\/#website","url":"https:\/\/mcamerchandising.com\/fr-ca\/","name":"MCA United-States","description":"Just another MCA Sites site","publisher":{"@id":"https:\/\/mcamerchandising.com\/fr-ca\/#organization"},"potentialAction":[{"@type":"SearchAction","target":{"@type":"EntryPoint","urlTemplate":"https:\/\/mcamerchandising.com\/fr-ca\/?s={search_term_string}"},"query-input":{"@type":"PropertyValueSpecification","valueRequired":true,"valueName":"search_term_string"}}],"inLanguage":"fr-CA"},{"@type":"Organization","@id":"https:\/\/mcamerchandising.com\/fr-ca\/#organization","name":"MCA United-States","url":"https:\/\/mcamerchandising.com\/fr-ca\/","logo":{"@type":"ImageObject","inLanguage":"fr-CA","@id":"https:\/\/mcamerchandising.com\/fr-ca\/#\/schema\/logo\/image\/","url":"https:\/\/mcamerchandising.com\/wp-content\/uploads\/sites\/2\/2020\/01\/logo.png","contentUrl":"https:\/\/mcamerchandising.com\/wp-content\/uploads\/sites\/2\/2020\/01\/logo.png","width":215,"height":104,"caption":"MCA United-States"},"image":{"@id":"https:\/\/mcamerchandising.com\/fr-ca\/#\/schema\/logo\/image\/"}}]}},"_links":{"self":[{"href":"https:\/\/mcamerchandising.com\/fr-ca\/wp-json\/wp\/v2\/pages\/548","targetHints":{"allow":["GET"]}}],"collection":[{"href":"https:\/\/mcamerchandising.com\/fr-ca\/wp-json\/wp\/v2\/pages"}],"about":[{"href":"https:\/\/mcamerchandising.com\/fr-ca\/wp-json\/wp\/v2\/types\/page"}],"author":[{"embeddable":true,"href":"https:\/\/mcamerchandising.com\/fr-ca\/wp-json\/wp\/v2\/users\/1"}],"replies":[{"embeddable":true,"href":"https:\/\/mcamerchandising.com\/fr-ca\/wp-json\/wp\/v2\/comments?post=548"}],"version-history":[{"count":6,"href":"https:\/\/mcamerchandising.com\/fr-ca\/wp-json\/wp\/v2\/pages\/548\/revisions"}],"predecessor-version":[{"id":651,"href":"https:\/\/mcamerchandising.com\/fr-ca\/wp-json\/wp\/v2\/pages\/548\/revisions\/651"}],"wp:attachment":[{"href":"https:\/\/mcamerchandising.com\/fr-ca\/wp-json\/wp\/v2\/media?parent=548"}],"curies":[{"name":"wp","href":"https:\/\/api.w.org\/{rel}","templated":true}]}}